{"id":43,"date":"2023-11-13T12:16:35","date_gmt":"2023-11-13T11:16:35","guid":{"rendered":"https:\/\/gruppe3.mit-gdpie.eu\/wordpress\/?page_id=43"},"modified":"2023-11-26T12:39:39","modified_gmt":"2023-11-26T11:39:39","slug":"brunnen-und-tiefbau","status":"publish","type":"page","link":"https:\/\/webseite1.mit-gdpie.eu\/","title":{"rendered":""},"content":{"rendered":"\r\n<div class=\"wp-block-group\"><div class=\"wp-block-group__inner-container is-layout-constrained wp-block-group-is-layout-constrained\"><\/div><\/div>\r\n\r\n<h4 class=\"has-text-align-center\" style=\"text-align: left;\">Willkommen auf unserer Homepage der Firma Brunnen- und Tiefbau Petzsch!<\/h4>\r\n\r\n<figure class=\"wp-block-image size-large\"><img loading=\"lazy\" decoding=\"async\" width=\"1024\" height=\"576\" class=\"wp-image-45\" src=\"https:\/\/gruppe3.mit-gdpie.eu\/wordpress\/wp-content\/uploads\/2023\/11\/Brunnen_Startseite-2-1024x576.webp\" alt=\"\" srcset=\"https:\/\/webseite1.mit-gdpie.eu\/wp-content\/uploads\/2023\/11\/Brunnen_Startseite-2-1024x576.webp 1024w, https:\/\/webseite1.mit-gdpie.eu\/wp-content\/uploads\/2023\/11\/Brunnen_Startseite-2-300x169.webp 300w, https:\/\/webseite1.mit-gdpie.eu\/wp-content\/uploads\/2023\/11\/Brunnen_Startseite-2-768x432.webp 768w, https:\/\/webseite1.mit-gdpie.eu\/wp-content\/uploads\/2023\/11\/Brunnen_Startseite-2-1536x864.webp 1536w, https:\/\/webseite1.mit-gdpie.eu\/wp-content\/uploads\/2023\/11\/Brunnen_Startseite-2-1568x882.webp 1568w, https:\/\/webseite1.mit-gdpie.eu\/wp-content\/uploads\/2023\/11\/Brunnen_Startseite-2.webp 1920w\" sizes=\"auto, (max-width: 1024px) 100vw, 1024px\" \/><\/figure>\r\n\r\n\r\n\r\n<p class=\"has-text-align-center\">\u00a0<\/p>\r\n\r\n\r\n\r\n<p>Bereits seit \u00fcber 170 Jahren sind wir Ihr zuverl\u00e4ssiger und kompetenter Partner im Brunnen- und Tiefbau in Dresden und Umgebung. Schaffen Sie sich einen \u00dcberblick, welche <a href=\"https:\/\/gruppe3.mit-gdpie.eu\/wordpress\/?page_id=41\">Leistungen<\/a> wir zur Verf\u00fcgung stellen und <a href=\"https:\/\/gruppe3.mit-gdpie.eu\/wordpress\/?page_id=73\">kontaktieren Sie uns bei Interesse<\/a>.\u00a0<\/p>\r\n","protected":false},"excerpt":{"rendered":"<p>\u00a0 Bereits seit \u00fcber 170 Jahren sind wir Ihr zuverl\u00e4ssiger und kompetenter Partner im Brunnen- und Tiefbau in Dresden und Umgebung. Schaffen Sie sich einen \u00dcberblick, welche Leistungen wir zur Verf\u00fcgung stellen und kontaktieren Sie uns bei Interesse.\u00a0<\/p>\n","protected":false},"author":1,"featured_media":0,"parent":0,"menu_order":0,"comment_status":"closed","ping_status":"closed","template":"","meta":{"footnotes":""},"class_list":["post-43","page","type-page","status-publish","hentry"],"_links":{"self":[{"href":"https:\/\/webseite1.mit-gdpie.eu\/index.php?rest_route=\/wp\/v2\/pages\/43","targetHints":{"allow":["GET"]}}],"collection":[{"href":"https:\/\/webseite1.mit-gdpie.eu\/index.php?rest_route=\/wp\/v2\/pages"}],"about":[{"href":"https:\/\/webseite1.mit-gdpie.eu\/index.php?rest_route=\/wp\/v2\/types\/page"}],"author":[{"embeddable":true,"href":"https:\/\/webseite1.mit-gdpie.eu\/index.php?rest_route=\/wp\/v2\/users\/1"}],"replies":[{"embeddable":true,"href":"https:\/\/webseite1.mit-gdpie.eu\/index.php?rest_route=%2Fwp%2Fv2%2Fcomments&post=43"}],"version-history":[{"count":17,"href":"https:\/\/webseite1.mit-gdpie.eu\/index.php?rest_route=\/wp\/v2\/pages\/43\/revisions"}],"predecessor-version":[{"id":233,"href":"https:\/\/webseite1.mit-gdpie.eu\/index.php?rest_route=\/wp\/v2\/pages\/43\/revisions\/233"}],"wp:attachment":[{"href":"https:\/\/webseite1.mit-gdpie.eu\/index.php?rest_route=%2Fwp%2Fv2%2Fmedia&parent=43"}],"curies":[{"name":"wp","href":"https:\/\/api.w.org\/{rel}","templated":true}]}}