{"id":217,"date":"2023-11-26T11:52:26","date_gmt":"2023-11-26T10:52:26","guid":{"rendered":"https:\/\/gruppe3.mit-gdpie.eu\/wordpress\/?page_id=217"},"modified":"2023-11-26T12:36:22","modified_gmt":"2023-11-26T11:36:22","slug":"sickerbrunnen-und-sickerschaechte","status":"publish","type":"page","link":"https:\/\/webseite1.mit-gdpie.eu\/?page_id=217","title":{"rendered":"Sickerbrunnen und Sickersch\u00e4chte"},"content":{"rendered":"<h4><strong>Was ist darunter zu verstehen?<\/strong><\/h4>\n<p>In einem Sickerschacht (meist aus Beton) wird das Regenwasser unterirdisch eingeleitet, kurzzeitig gespeichert und versickert. Die Versickerung erfolgt \u00fcber eine wasserdurchl\u00e4ssige Schicht am Boden und seitlich im umgebenden Kiesbereich des Schachtes.<\/p>\n<h4><img loading=\"lazy\" decoding=\"async\" class=\"size-medium wp-image-225 alignleft\" src=\"https:\/\/gruppe3.mit-gdpie.eu\/wordpress\/wp-content\/uploads\/2023\/11\/sickerschacht-300x154.jpg\" alt=\"\" width=\"300\" height=\"154\" srcset=\"https:\/\/webseite1.mit-gdpie.eu\/wp-content\/uploads\/2023\/11\/sickerschacht-300x154.jpg 300w, https:\/\/webseite1.mit-gdpie.eu\/wp-content\/uploads\/2023\/11\/sickerschacht-1024x525.jpg 1024w, https:\/\/webseite1.mit-gdpie.eu\/wp-content\/uploads\/2023\/11\/sickerschacht-768x394.jpg 768w, https:\/\/webseite1.mit-gdpie.eu\/wp-content\/uploads\/2023\/11\/sickerschacht-1536x788.jpg 1536w, https:\/\/webseite1.mit-gdpie.eu\/wp-content\/uploads\/2023\/11\/sickerschacht-2048x1050.jpg 2048w\" sizes=\"auto, (max-width: 300px) 100vw, 300px\" \/><strong>Vorteile einer solchen Anschaffung<\/strong><\/h4>\n<p>Ein Vorteil besteht darin, dass kein Platzbedarf an der Oberfl\u00e4che entsteht. Das gesammelte Wasser kann f\u00fcr die Gartenbew\u00e4sserung genutzt werden. Jedoch ist zu beachten, dass bei Sickersch\u00e4chten keine Filtersysteme eingesetzt werden und das Wasser vor der Nutzung auf Verunreinigung gepr\u00fcft werden muss. Liegt eine gro\u00dfe Schadstoffbelastung vor, z.B. durch Stra\u00dfenn\u00e4he, ist es vielleicht eher ratsam eine <a href=\"https:\/\/gruppe3.mit-gdpie.eu\/wordpress\/?page_id=184\">Zisterne<\/a> mit Filtersystemen einzubauen.\u00a0<strong><br \/>\n<\/strong><\/p>\n<hr \/>\n<p>Informationen von:<br \/>\n<small>sieker.de\/fachinformationen\/regenwasserbewirtschaftung\/versickerung\/article\/sickerschaechte-158.html<\/small><\/p>\n<p>Bildquelle:<br \/>\n<small>https:\/\/www.geoplast.com\/de\/Sickerschacht.html<\/small><\/p>\n","protected":false},"excerpt":{"rendered":"<p>Was ist darunter zu verstehen? In einem Sickerschacht (meist aus Beton) wird das Regenwasser unterirdisch eingeleitet, kurzzeitig gespeichert und versickert. Die Versickerung erfolgt \u00fcber eine wasserdurchl\u00e4ssige Schicht am Boden und seitlich im umgebenden Kiesbereich des Schachtes. Vorteile einer solchen Anschaffung Ein Vorteil besteht darin, dass kein Platzbedarf an der Oberfl\u00e4che entsteht. Das gesammelte Wasser kann [&hellip;]<\/p>\n","protected":false},"author":1,"featured_media":0,"parent":0,"menu_order":0,"comment_status":"closed","ping_status":"closed","template":"","meta":{"footnotes":""},"class_list":["post-217","page","type-page","status-publish","hentry"],"_links":{"self":[{"href":"https:\/\/webseite1.mit-gdpie.eu\/index.php?rest_route=\/wp\/v2\/pages\/217","targetHints":{"allow":["GET"]}}],"collection":[{"href":"https:\/\/webseite1.mit-gdpie.eu\/index.php?rest_route=\/wp\/v2\/pages"}],"about":[{"href":"https:\/\/webseite1.mit-gdpie.eu\/index.php?rest_route=\/wp\/v2\/types\/page"}],"author":[{"embeddable":true,"href":"https:\/\/webseite1.mit-gdpie.eu\/index.php?rest_route=\/wp\/v2\/users\/1"}],"replies":[{"embeddable":true,"href":"https:\/\/webseite1.mit-gdpie.eu\/index.php?rest_route=%2Fwp%2Fv2%2Fcomments&post=217"}],"version-history":[{"count":10,"href":"https:\/\/webseite1.mit-gdpie.eu\/index.php?rest_route=\/wp\/v2\/pages\/217\/revisions"}],"predecessor-version":[{"id":231,"href":"https:\/\/webseite1.mit-gdpie.eu\/index.php?rest_route=\/wp\/v2\/pages\/217\/revisions\/231"}],"wp:attachment":[{"href":"https:\/\/webseite1.mit-gdpie.eu\/index.php?rest_route=%2Fwp%2Fv2%2Fmedia&parent=217"}],"curies":[{"name":"wp","href":"https:\/\/api.w.org\/{rel}","templated":true}]}}